{"id":2298,"date":"2018-03-22T08:00:46","date_gmt":"2018-03-22T08:00:46","guid":{"rendered":"http:\/\/www.ro-gruppen.se\/om-ro-gruppen\/"},"modified":"2025-10-07T13:01:20","modified_gmt":"2025-10-07T13:01:20","slug":"about-ro-gruppen","status":"publish","type":"page","link":"https:\/\/www.ro-gruppen.se\/en\/about-ro-gruppen\/","title":{"rendered":"About RO-Gruppen"},"content":{"rendered":"<h1>For more than 40 years, we\u2019ve grown from a family business in Bor\u00e5s into a modern construction group delivering projects all over Sweden.<\/h1>\n<p>Since 1982, we\u2019ve built strong partnerships with clients, suppliers, and subcontractors\u2014always with a focus on long-term quality, customer value, and results that last.<\/p>\n<p data-start=\"664\" data-end=\"700\"><strong data-start=\"474\" data-end=\"494\">Nationwide reach<\/strong><\/p>\n<p>With 300 employees and offices in Alings\u00e5s, Bor\u00e5s (HQ), G\u00f6teborg, Helsingborg, Link\u00f6ping, Malm\u00f6, Stockholm, Vetlanda och \u00d6rebro, we take on projects across the country through both local presence and mobile project teams.<\/p>\n<h3><strong data-start=\"713\" data-end=\"752\">Our vision: We build a better world<\/strong><\/h3>\n<p>We turn tomorrow\u2019s challenges into practical solutions. Every project should create value for our clients, strengthen businesses, and be sustainable over time.<\/p>\n<p>\ud83d\udd17 <a href=\"https:\/\/www.ro-gruppen.se\/en\/about-ro-gruppen\/strategy\/\">V\u00e5r vision &#8220;Vi bygger en b\u00e4ttre v\u00e4rld&#8221;<\/a><\/p>\n<p>&nbsp;<\/p>\n<p><strong>CHALLENGE:ACCEPTED<\/strong><\/p>\n<p data-start=\"1368\" data-end=\"1720\">Tighter schedules. Higher climate demands. A changing world. Challenges are part of our reality\u2014and our mission. We thrive by rethinking, questioning old ways, and staying one step ahead. The best solutions are created together.<\/p>\n<p data-start=\"1965\" data-end=\"2016\">Challenges are not problems\u2014they are our mission.<\/p>\n<p><a href=\"https:\/\/www.ro-gruppen.se\/wp-content\/uploads\/2025\/09\/ChallengeAccepted_2rad_sv.png\"><img loading=\"lazy\" decoding=\"async\" class=\"size-medium wp-image-10465 aligncenter\" src=\"https:\/\/www.ro-gruppen.se\/wp-content\/uploads\/2025\/09\/ChallengeAccepted_2rad_sv-300x85.png\" alt=\"\" width=\"300\" height=\"85\" srcset=\"https:\/\/www.ro-gruppen.se\/wp-content\/uploads\/2025\/09\/ChallengeAccepted_2rad_sv-300x85.png 300w, https:\/\/www.ro-gruppen.se\/wp-content\/uploads\/2025\/09\/ChallengeAccepted_2rad_sv-1024x291.png 1024w, https:\/\/www.ro-gruppen.se\/wp-content\/uploads\/2025\/09\/ChallengeAccepted_2rad_sv-768x218.png 768w, https:\/\/www.ro-gruppen.se\/wp-content\/uploads\/2025\/09\/ChallengeAccepted_2rad_sv-376x107.png 376w, https:\/\/www.ro-gruppen.se\/wp-content\/uploads\/2025\/09\/ChallengeAccepted_2rad_sv.png 1300w\" sizes=\"auto, (max-width: 300px) 100vw, 300px\" \/><\/a><\/p>\n<h1 data-start=\"2018\" data-end=\"2035\"><strong data-start=\"2018\" data-end=\"2033\"><br \/>\nHow we work<\/strong><\/h1>\n<p>We combine experience and structure with curiosity and commitment. With careful planning, climate-smart materials, and solutions that make a difference, we build both successful projects and long-term relationships.<\/p>\n<p><a href=\"https:\/\/www.ro-gruppen.se\/en\/projects\/\">Byggprojekt<\/a> \u00a0\u00b7\u00a0 <a href=\"https:\/\/www.ro-gruppen.se\/ansvarsfullt-byggande\/\">Ansvarsfullt byggande<\/a>\u00a0 \u00b7\u00a0 <a href=\"https:\/\/www.ro-gruppen.se\/klimat\/\">Klimat<\/a>\u00a0 \u00b7\u00a0 <a href=\"https:\/\/www.ro-gruppen.se\/en\/contact\/\">Kontakta oss<\/a><\/p>\n","protected":false},"excerpt":{"rendered":"<p>For more than 40 years, we\u2019ve grown from a family business in Bor\u00e5s into a modern construction group delivering projects all over Sweden. Since 1982, we\u2019ve built strong partnerships with clients, suppliers, and subcontractors\u2014always with a focus on long-term quality, customer value, and results that last. Nationwide reach With 300 employees and offices in Alings\u00e5s, [&hellip;]<\/p>\n","protected":false},"author":1,"featured_media":8203,"parent":0,"menu_order":33,"comment_status":"closed","ping_status":"closed","template":"tpl-artikel.php","meta":{"_acf_changed":false,"footnotes":"","_links_to":"","_links_to_target":""},"class_list":["post-2298","page","type-page","status-publish","has-post-thumbnail","hentry"],"acf":[],"_links":{"self":[{"href":"https:\/\/www.ro-gruppen.se\/en\/wp-json\/wp\/v2\/pages\/2298","targetHints":{"allow":["GET"]}}],"collection":[{"href":"https:\/\/www.ro-gruppen.se\/en\/wp-json\/wp\/v2\/pages"}],"about":[{"href":"https:\/\/www.ro-gruppen.se\/en\/wp-json\/wp\/v2\/types\/page"}],"author":[{"embeddable":true,"href":"https:\/\/www.ro-gruppen.se\/en\/wp-json\/wp\/v2\/users\/1"}],"replies":[{"embeddable":true,"href":"https:\/\/www.ro-gruppen.se\/en\/wp-json\/wp\/v2\/comments?post=2298"}],"version-history":[{"count":24,"href":"https:\/\/www.ro-gruppen.se\/en\/wp-json\/wp\/v2\/pages\/2298\/revisions"}],"predecessor-version":[{"id":10567,"href":"https:\/\/www.ro-gruppen.se\/en\/wp-json\/wp\/v2\/pages\/2298\/revisions\/10567"}],"wp:featuredmedia":[{"embeddable":true,"href":"https:\/\/www.ro-gruppen.se\/en\/wp-json\/wp\/v2\/media\/8203"}],"wp:attachment":[{"href":"https:\/\/www.ro-gruppen.se\/en\/wp-json\/wp\/v2\/media?parent=2298"}],"curies":[{"name":"wp","href":"https:\/\/api.w.org\/{rel}","templated":true}]}}